{"id":13,"date":"2023-07-27T14:57:20","date_gmt":"2023-07-27T14:57:20","guid":{"rendered":"https:\/\/web4.rkinformatika.net\/librerianobel\/?page_id=13"},"modified":"2023-07-28T12:42:08","modified_gmt":"2023-07-28T12:42:08","slug":"servicios","status":"publish","type":"page","link":"https:\/\/librenobel.com\/eu\/servicios\/","title":{"rendered":"Zerbitzuak"},"content":{"rendered":"<style>.elementor-13 .elementor-element.elementor-element-e7a1cc1 > .elementor-container{max-width:1170px;}.elementor-13 .elementor-element.elementor-element-e7a1cc1:not(.elementor-motion-effects-element-type-background), .elementor-13 .elementor-element.elementor-element-e7a1cc1 > .elementor-motion-effects-container > .elementor-motion-effects-layer{background-image:url(\"https:\/\/librenobel.com\/wp-content\/uploads\/2023\/07\/open-book.jpg\");background-position:center center;background-size:cover;}.elementor-13 .elementor-element.elementor-element-e7a1cc1 > .elementor-background-overlay{background-color:#000000;opacity:0.5;transition:background 0.3s, border-radius 0.3s, opacity 0.3s;}.elementor-13 .elementor-element.elementor-element-e7a1cc1{transition:background 0.3s, border 0.3s, border-radius 0.3s, box-shadow 0.3s;padding:300px 0px 300px 0px;}.elementor-13 .elementor-element.elementor-element-b1a8ec7{text-align:center;}.elementor-13 .elementor-element.elementor-element-b1a8ec7 .elementor-heading-title{font-family:\"Roboto Condensed\", Sans-serif;font-size:46px;font-weight:600;}.elementor-13 .elementor-element.elementor-element-b1a8ec7 > .elementor-widget-container{margin:20px 0px 0px 0px;}.elementor-13 .elementor-element.elementor-element-43fee1ce > .elementor-container{max-width:1250px;}.elementor-13 .elementor-element.elementor-element-43fee1ce{padding:1em 1em 1em 1em;}.elementor-13 .elementor-element.elementor-element-13f3ea7d .elementor-cta__content{text-align:start;}.elementor-13 .elementor-element.elementor-element-13f3ea7d .elementor-cta__title{font-size:33px;}.elementor-13 .elementor-element.elementor-element-13f3ea7d .elementor-cta__description{font-size:16px;}.elementor-13 .elementor-element.elementor-element-13f3ea7d .elementor-cta__bg{filter:brightness( 75% ) contrast( 100% ) saturate( 100% ) blur( 0px ) hue-rotate( 0deg );}.elementor-13 .elementor-element.elementor-element-13f3ea7d .elementor-cta .elementor-cta__bg, .elementor-13 .elementor-element.elementor-element-13f3ea7d .elementor-cta .elementor-cta__bg-overlay{transition-duration:1500ms;}.elementor-13 .elementor-element.elementor-element-13f3ea7d > .elementor-widget-container{border-radius:30px 30px 30px 30px;}.elementor-13 .elementor-element.elementor-element-ac2fa46 .elementor-cta__content{text-align:start;}.elementor-13 .elementor-element.elementor-element-ac2fa46 .elementor-cta__title{font-size:26px;}.elementor-13 .elementor-element.elementor-element-ac2fa46 .elementor-cta__description{font-size:16.6px;}.elementor-13 .elementor-element.elementor-element-ac2fa46 .elementor-cta__bg{filter:brightness( 75% ) contrast( 100% ) saturate( 100% ) blur( 0px ) hue-rotate( 0deg );}.elementor-13 .elementor-element.elementor-element-ac2fa46 .elementor-cta .elementor-cta__bg, .elementor-13 .elementor-element.elementor-element-ac2fa46 .elementor-cta .elementor-cta__bg-overlay{transition-duration:1500ms;}.elementor-13 .elementor-element.elementor-element-ac2fa46 > .elementor-widget-container{border-radius:30px 30px 30px 30px;}.elementor-13 .elementor-element.elementor-element-501f5b6e .elementor-cta__content{min-height:433px;text-align:start;}.elementor-13 .elementor-element.elementor-element-501f5b6e .elementor-cta__title{font-size:26px;}.elementor-13 .elementor-element.elementor-element-501f5b6e .elementor-cta__title:not(:last-child){margin-bottom:12px;}.elementor-13 .elementor-element.elementor-element-501f5b6e .elementor-cta__description{font-size:16.64px;}.elementor-13 .elementor-element.elementor-element-501f5b6e .elementor-cta__bg{filter:brightness( 75% ) contrast( 100% ) saturate( 100% ) blur( 0px ) hue-rotate( 0deg );}.elementor-13 .elementor-element.elementor-element-501f5b6e .elementor-cta .elementor-cta__bg, .elementor-13 .elementor-element.elementor-element-501f5b6e .elementor-cta .elementor-cta__bg-overlay{transition-duration:1500ms;}.elementor-13 .elementor-element.elementor-element-501f5b6e > .elementor-widget-container{border-radius:30px 30px 30px 30px;}.elementor-13 .elementor-element.elementor-element-4d397b4 .elementor-cta__content{text-align:start;}.elementor-13 .elementor-element.elementor-element-4d397b4 .elementor-cta__title{font-size:22px;}.elementor-13 .elementor-element.elementor-element-4d397b4 .elementor-cta__title:not(:last-child){margin-bottom:19px;}.elementor-13 .elementor-element.elementor-element-4d397b4 .elementor-cta__description{font-size:16.5px;}.elementor-13 .elementor-element.elementor-element-4d397b4 .elementor-cta__bg{filter:brightness( 75% ) contrast( 100% ) saturate( 100% ) blur( 0px ) hue-rotate( 0deg );}.elementor-13 .elementor-element.elementor-element-4d397b4 .elementor-cta .elementor-cta__bg, .elementor-13 .elementor-element.elementor-element-4d397b4 .elementor-cta .elementor-cta__bg-overlay{transition-duration:1500ms;}.elementor-13 .elementor-element.elementor-element-4d397b4 > .elementor-widget-container{border-radius:30px 30px 30px 30px;}@media(max-width:1024px){.elementor-13 .elementor-element.elementor-element-e7a1cc1{padding:200px 0px 200px 0px;}.elementor-13 .elementor-element.elementor-element-43fee1ce{padding:2em 1em 1em 1em;}.elementor-13 .elementor-element.elementor-element-13f3ea7d .elementor-cta__content{min-height:250px;padding:20px 20px 20px 20px;}.elementor-13 .elementor-element.elementor-element-ac2fa46 .elementor-cta__content{min-height:250px;padding:20px 20px 20px 20px;}.elementor-13 .elementor-element.elementor-element-501f5b6e .elementor-cta__content{min-height:250px;padding:20px 20px 20px 20px;}.elementor-13 .elementor-element.elementor-element-4d397b4 .elementor-cta__content{min-height:250px;padding:20px 20px 20px 20px;}}@media(max-width:767px){.elementor-13 .elementor-element.elementor-element-b1a8ec7 .elementor-heading-title{font-size:37px;}.elementor-13 .elementor-element.elementor-element-43fee1ce{padding:1em 1em 1em 1em;}.elementor-13 .elementor-element.elementor-element-13f3ea7d .elementor-cta__content{min-height:250px;padding:30px 30px 30px 30px;}.elementor-13 .elementor-element.elementor-element-ac2fa46 .elementor-cta__content{min-height:250px;padding:30px 30px 30px 30px;}.elementor-13 .elementor-element.elementor-element-501f5b6e .elementor-cta__content{min-height:250px;padding:30px 30px 30px 30px;}.elementor-13 .elementor-element.elementor-element-4d397b4 .elementor-cta__content{min-height:250px;padding:30px 30px 30px 30px;}}<\/style>\t\t<div data-elementor-type=\"wp-page\" data-elementor-id=\"13\" class=\"elementor elementor-13\" data-elementor-post-type=\"page\">\n\t\t\t\t\t\t<section class=\"elementor-section elementor-top-section elementor-element elementor-element-e7a1cc1 elementor-section-boxed elementor-section-height-default elementor-section-height-default\" data-id=\"e7a1cc1\" data-element_type=\"section\" data-e-type=\"section\" data-settings=\"{&quot;background_background&quot;:&quot;classic&quot;}\">\n\t\t\t\t\t\t\t<div class=\"elementor-background-overlay\"><\/div>\n\t\t\t\t\t\t\t<div class=\"elementor-container elementor-column-gap-no\">\n\t\t\t\t\t<div class=\"elementor-column elementor-col-100 elementor-top-column elementor-element elementor-element-3c2b539\" data-id=\"3c2b539\" data-element_type=\"column\" data-e-type=\"column\">\n\t\t\t<div class=\"elementor-widget-wrap\">\n\t\t\t\t\t\t\t<\/div>\n\t\t<\/div>\n\t\t\t\t\t<\/div>\n\t\t<\/section>\n\t\t\t\t<section class=\"elementor-section elementor-top-section elementor-element elementor-element-68b6b8a elementor-section-boxed elementor-section-height-default elementor-section-height-default\" data-id=\"68b6b8a\" data-element_type=\"section\" data-e-type=\"section\">\n\t\t\t\t\t\t<div class=\"elementor-container elementor-column-gap-default\">\n\t\t\t\t\t<div class=\"elementor-column elementor-col-100 elementor-top-column elementor-element elementor-element-1ec9368\" data-id=\"1ec9368\" data-element_type=\"column\" data-e-type=\"column\">\n\t\t\t<div class=\"elementor-widget-wrap elementor-element-populated\">\n\t\t\t\t\t\t<div class=\"elementor-element elementor-element-b1a8ec7 elementor-widget elementor-widget-heading\" data-id=\"b1a8ec7\" data-element_type=\"widget\" data-e-type=\"widget\" data-widget_type=\"heading.default\">\n\t\t\t\t<div class=\"elementor-widget-container\">\n\t\t\t\t\t<h1 class=\"elementor-heading-title elementor-size-default\">Nuestros servicios<\/h1>\t\t\t\t<\/div>\n\t\t\t\t<\/div>\n\t\t\t\t\t<\/div>\n\t\t<\/div>\n\t\t\t\t\t<\/div>\n\t\t<\/section>\n\t\t\t\t<section class=\"elementor-section elementor-top-section elementor-element elementor-element-43fee1ce elementor-section-boxed elementor-section-height-default elementor-section-height-default\" data-id=\"43fee1ce\" data-element_type=\"section\" data-e-type=\"section\">\n\t\t\t\t\t\t<div class=\"elementor-container elementor-column-gap-default\">\n\t\t\t\t\t<div class=\"elementor-column elementor-col-25 elementor-top-column elementor-element elementor-element-568dbee3\" data-id=\"568dbee3\" data-element_type=\"column\" data-e-type=\"column\" data-settings=\"{&quot;animation&quot;:&quot;none&quot;}\">\n\t\t\t<div class=\"elementor-widget-wrap elementor-element-populated\">\n\t\t\t\t\t\t<div class=\"elementor-element elementor-element-13f3ea7d elementor-cta--skin-cover elementor-bg-transform elementor-bg-transform-move-left elementor-cta--valign-bottom elementor-widget elementor-widget-call-to-action\" data-id=\"13f3ea7d\" data-element_type=\"widget\" data-e-type=\"widget\" data-widget_type=\"call-to-action.default\">\n\t\t\t\t<div class=\"elementor-widget-container\">\n\t\t\t\t\t\t\t<div class=\"elementor-cta\">\n\t\t\t\t\t<div class=\"elementor-cta__bg-wrapper\">\n\t\t\t\t<div class=\"elementor-cta__bg elementor-bg\" style=\"background-image: url(https:\/\/librenobel.com\/wp-content\/uploads\/2023\/07\/audio-book-concept-headphones-coffee-and-book.jpg);\" role=\"img\" aria-label=\"audio-book-concept-headphones-coffee-and-book.jpg\"><\/div>\n\t\t\t\t<div class=\"elementor-cta__bg-overlay\"><\/div>\n\t\t\t<\/div>\n\t\t\t\t\t\t\t<div class=\"elementor-cta__content\">\n\t\t\t\t\n\t\t\t\t\t\t\t\t\t<h2 class=\"elementor-cta__title elementor-cta__content-item elementor-content-item\">\n\t\t\t\t\t\tVenta de libros\t\t\t\t\t<\/h2>\n\t\t\t\t\n\t\t\t\t\t\t\t\t\t<div class=\"elementor-cta__description elementor-cta__content-item elementor-content-item\">\n\t\t\t\t\t\tNuestra tienda se especializa en la venta de una amplia variedad de libros para todos los gustos y edades. Contamos con una selecci\u00f3n de los mejores libros de ficci\u00f3n, no ficci\u00f3n, infantiles, juveniles, de autoayuda, entre otros. Adem\u00e1s, ofrecemos una experiencia \u00fanica de compra en la que nuestros clientes pueden explorar c\u00f3modamente en nuestros estantes y solicitar recomendaciones personalizadas. \t\t\t\t\t<\/div>\n\t\t\t\t\n\t\t\t\t\t\t\t<\/div>\n\t\t\t\t\t\t<\/div>\n\t\t\t\t\t\t<\/div>\n\t\t\t\t<\/div>\n\t\t\t\t\t<\/div>\n\t\t<\/div>\n\t\t\t\t<div class=\"elementor-column elementor-col-25 elementor-top-column elementor-element elementor-element-245f2692\" data-id=\"245f2692\" data-element_type=\"column\" data-e-type=\"column\" data-settings=\"{&quot;animation&quot;:&quot;none&quot;,&quot;animation_delay&quot;:360}\">\n\t\t\t<div class=\"elementor-widget-wrap elementor-element-populated\">\n\t\t\t\t\t\t<div class=\"elementor-element elementor-element-ac2fa46 elementor-cta--skin-cover elementor-bg-transform elementor-bg-transform-move-left elementor-cta--valign-bottom elementor-widget elementor-widget-call-to-action\" data-id=\"ac2fa46\" data-element_type=\"widget\" data-e-type=\"widget\" data-widget_type=\"call-to-action.default\">\n\t\t\t\t<div class=\"elementor-widget-container\">\n\t\t\t\t\t\t\t<div class=\"elementor-cta\">\n\t\t\t\t\t<div class=\"elementor-cta__bg-wrapper\">\n\t\t\t\t<div class=\"elementor-cta__bg elementor-bg\" style=\"background-image: url(https:\/\/librenobel.com\/wp-content\/uploads\/2023\/07\/the-open-book-on-other-multi-coloured-books-.jpg);\" role=\"img\" aria-label=\"the-open-book-on-other-multi-coloured-books-.jpg\"><\/div>\n\t\t\t\t<div class=\"elementor-cta__bg-overlay\"><\/div>\n\t\t\t<\/div>\n\t\t\t\t\t\t\t<div class=\"elementor-cta__content\">\n\t\t\t\t\n\t\t\t\t\t\t\t\t\t<h2 class=\"elementor-cta__title elementor-cta__content-item elementor-content-item\">\n\t\t\t\t\t\tVenta de papeler\u00eda\t\t\t\t\t<\/h2>\n\t\t\t\t\n\t\t\t\t\t\t\t\t\t<div class=\"elementor-cta__description elementor-cta__content-item elementor-content-item\">\n\t\t\t\t\t\tNos enorgullece ofrecer a nuestros clientes una experiencia de compra \u00fanica y completa, comprometidos en proveer s\u00f3lo productos de la m\u00e1s alta calidad. Nuestro personal amigable y conocedor siempre est\u00e1 disponible y feliz de ayudarte a encontrar los art\u00edculos perfectos para satisfacer tus necesidades. Entendemos la importancia de crear un ambiente de trabajo profesional y eficiente.\t\t\t\t\t<\/div>\n\t\t\t\t\n\t\t\t\t\t\t\t<\/div>\n\t\t\t\t\t\t<\/div>\n\t\t\t\t\t\t<\/div>\n\t\t\t\t<\/div>\n\t\t\t\t\t<\/div>\n\t\t<\/div>\n\t\t\t\t<div class=\"elementor-column elementor-col-25 elementor-top-column elementor-element elementor-element-5ac9146c\" data-id=\"5ac9146c\" data-element_type=\"column\" data-e-type=\"column\" data-settings=\"{&quot;animation&quot;:&quot;none&quot;,&quot;animation_delay&quot;:720}\">\n\t\t\t<div class=\"elementor-widget-wrap elementor-element-populated\">\n\t\t\t\t\t\t<div class=\"elementor-element elementor-element-501f5b6e elementor-cta--skin-cover elementor-bg-transform elementor-bg-transform-move-left elementor-cta--valign-bottom elementor-widget elementor-widget-call-to-action\" data-id=\"501f5b6e\" data-element_type=\"widget\" data-e-type=\"widget\" data-widget_type=\"call-to-action.default\">\n\t\t\t\t<div class=\"elementor-widget-container\">\n\t\t\t\t\t\t\t<div class=\"elementor-cta\">\n\t\t\t\t\t<div class=\"elementor-cta__bg-wrapper\">\n\t\t\t\t<div class=\"elementor-cta__bg elementor-bg\" style=\"background-image: url(https:\/\/librenobel.com\/wp-content\/uploads\/2023\/07\/books-on-a-wooden-shelf-.jpg);\" role=\"img\" aria-label=\"books-on-a-wooden-shelf-.jpg\"><\/div>\n\t\t\t\t<div class=\"elementor-cta__bg-overlay\"><\/div>\n\t\t\t<\/div>\n\t\t\t\t\t\t\t<div class=\"elementor-cta__content\">\n\t\t\t\t\n\t\t\t\t\t\t\t\t\t<h2 class=\"elementor-cta__title elementor-cta__content-item elementor-content-item\">\n\t\t\t\t\t\tArt\u00edculos de regalo\t\t\t\t\t<\/h2>\n\t\t\t\t\n\t\t\t\t\t\t\t\t\t<div class=\"elementor-cta__description elementor-cta__content-item elementor-content-item\">\n\t\t\t\t\t\tNuestra tienda se especializa en ofrecer una amplia variedad de art\u00edculos de regalo para nuestros valiosos clientes. Creemos que dar regalos es un arte y nos enorgullece ayudar a nuestros clientes a encontrar el art\u00edculo perfecto para cualquier ocasi\u00f3n. Con nuestra amplia colecci\u00f3n de regalos, seguramente encontrar\u00e1 algo para satisfacer todos los gustos y presupuestos. \t\t\t\t\t<\/div>\n\t\t\t\t\n\t\t\t\t\t\t\t<\/div>\n\t\t\t\t\t\t<\/div>\n\t\t\t\t\t\t<\/div>\n\t\t\t\t<\/div>\n\t\t\t\t\t<\/div>\n\t\t<\/div>\n\t\t\t\t<div class=\"elementor-column elementor-col-25 elementor-top-column elementor-element elementor-element-36ed361\" data-id=\"36ed361\" data-element_type=\"column\" data-e-type=\"column\" data-settings=\"{&quot;animation&quot;:&quot;none&quot;,&quot;animation_delay&quot;:720}\">\n\t\t\t<div class=\"elementor-widget-wrap elementor-element-populated\">\n\t\t\t\t\t\t<div class=\"elementor-element elementor-element-4d397b4 elementor-cta--skin-cover elementor-bg-transform elementor-bg-transform-move-left elementor-cta--valign-bottom elementor-widget elementor-widget-call-to-action\" data-id=\"4d397b4\" data-element_type=\"widget\" data-e-type=\"widget\" data-widget_type=\"call-to-action.default\">\n\t\t\t\t<div class=\"elementor-widget-container\">\n\t\t\t\t\t\t\t<div class=\"elementor-cta\">\n\t\t\t\t\t<div class=\"elementor-cta__bg-wrapper\">\n\t\t\t\t<div class=\"elementor-cta__bg elementor-bg\" style=\"background-image: url(https:\/\/librenobel.com\/wp-content\/uploads\/2023\/07\/magazine-mockup-1.jpg);\" role=\"img\" aria-label=\"Magazine Mockup\"><\/div>\n\t\t\t\t<div class=\"elementor-cta__bg-overlay\"><\/div>\n\t\t\t<\/div>\n\t\t\t\t\t\t\t<div class=\"elementor-cta__content\">\n\t\t\t\t\n\t\t\t\t\t\t\t\t\t<h2 class=\"elementor-cta__title elementor-cta__content-item elementor-content-item\">\n\t\t\t\t\t\tVenta de revistas\t\t\t\t\t<\/h2>\n\t\t\t\t\n\t\t\t\t\t\t\t\t\t<div class=\"elementor-cta__description elementor-cta__content-item elementor-content-item\">\n\t\t\t\t\t\tNuestra tienda se especializa en ofrecer un servicio de venta de revistas a nuestros clientes. Con una amplia variedad de g\u00e9neros y t\u00edtulos disponibles, nos comprometemos a asegurar que nuestros clientes tengan acceso a las revistas m\u00e1s recientes y populares. Nos esforzamos por ofrecer un ambiente c\u00f3modo y acogedor para que nuestros clientes puedan buscar y comprar revistas.\t\t\t\t\t<\/div>\n\t\t\t\t\n\t\t\t\t\t\t\t<\/div>\n\t\t\t\t\t\t<\/div>\n\t\t\t\t\t\t<\/div>\n\t\t\t\t<\/div>\n\t\t\t\t\t<\/div>\n\t\t<\/div>\n\t\t\t\t\t<\/div>\n\t\t<\/section>\n\t\t\t\t<\/div>","protected":false},"excerpt":{"rendered":"<p>Nuestros servicios Venta de libros Nuestra tienda se especializa en la venta de una amplia variedad de libros para todos los gustos y edades. Contamos con una selecci\u00f3n de los mejores libros de ficci\u00f3n, no ficci\u00f3n, infantiles, juveniles, de autoayuda, entre otros. Adem\u00e1s, ofrecemos una experiencia \u00fanica de compra en la que nuestros clientes pueden [&hellip;]<\/p>\n","protected":false},"author":1,"featured_media":255,"parent":0,"menu_order":0,"comment_status":"closed","ping_status":"closed","template":"elementor_canvas","meta":{"footnotes":""},"class_list":["post-13","page","type-page","status-publish","has-post-thumbnail","hentry"],"yoast_head":"<!-- This site is optimized with the Yoast SEO plugin v27.3 - https:\/\/yoast.com\/product\/yoast-seo-wordpress\/ -->\n<title>Servicios - librerianobel<\/title>\n<meta name=\"robots\" content=\"index, follow, max-snippet:-1, max-image-preview:large, max-video-preview:-1\" \/>\n<link rel=\"canonical\" href=\"https:\/\/librenobel.com\/eu\/servicios\/\" \/>\n<meta property=\"og:locale\" content=\"en_US\" \/>\n<meta property=\"og:type\" content=\"article\" \/>\n<meta property=\"og:title\" content=\"Servicios - librerianobel\" \/>\n<meta property=\"og:description\" content=\"Nuestros servicios Venta de libros Nuestra tienda se especializa en la venta de una amplia variedad de libros para todos los gustos y edades. Contamos con una selecci\u00f3n de los mejores libros de ficci\u00f3n, no ficci\u00f3n, infantiles, juveniles, de autoayuda, entre otros. Adem\u00e1s, ofrecemos una experiencia \u00fanica de compra en la que nuestros clientes pueden [&hellip;]\" \/>\n<meta property=\"og:url\" content=\"https:\/\/librenobel.com\/eu\/servicios\/\" \/>\n<meta property=\"og:site_name\" content=\"librerianobel\" \/>\n<meta property=\"article:modified_time\" content=\"2023-07-28T12:42:08+00:00\" \/>\n<meta property=\"og:image\" content=\"https:\/\/librenobel.com\/wp-content\/uploads\/2023\/07\/Sin-titulo-1-Recuperado-02.png\" \/>\n\t<meta property=\"og:image:width\" content=\"1920\" \/>\n\t<meta property=\"og:image:height\" content=\"542\" \/>\n\t<meta property=\"og:image:type\" content=\"image\/png\" \/>\n<meta name=\"twitter:card\" content=\"summary_large_image\" \/>\n<meta name=\"twitter:label1\" content=\"Est. reading time\" \/>\n\t<meta name=\"twitter:data1\" content=\"2 minutua\" \/>\n<script type=\"application\/ld+json\" class=\"yoast-schema-graph\">{\"@context\":\"https:\\\/\\\/schema.org\",\"@graph\":[{\"@type\":\"WebPage\",\"@id\":\"https:\\\/\\\/librenobel.com\\\/servicios\\\/\",\"url\":\"https:\\\/\\\/librenobel.com\\\/servicios\\\/\",\"name\":\"Servicios - librerianobel\",\"isPartOf\":{\"@id\":\"https:\\\/\\\/librenobel.com\\\/#website\"},\"primaryImageOfPage\":{\"@id\":\"https:\\\/\\\/librenobel.com\\\/servicios\\\/#primaryimage\"},\"image\":{\"@id\":\"https:\\\/\\\/librenobel.com\\\/servicios\\\/#primaryimage\"},\"thumbnailUrl\":\"https:\\\/\\\/librenobel.com\\\/wp-content\\\/uploads\\\/2023\\\/07\\\/Sin-titulo-1-Recuperado-02.png\",\"datePublished\":\"2023-07-27T14:57:20+00:00\",\"dateModified\":\"2023-07-28T12:42:08+00:00\",\"breadcrumb\":{\"@id\":\"https:\\\/\\\/librenobel.com\\\/servicios\\\/#breadcrumb\"},\"inLanguage\":\"eu\",\"potentialAction\":[{\"@type\":\"ReadAction\",\"target\":[\"https:\\\/\\\/librenobel.com\\\/servicios\\\/\"]}]},{\"@type\":\"ImageObject\",\"inLanguage\":\"eu\",\"@id\":\"https:\\\/\\\/librenobel.com\\\/servicios\\\/#primaryimage\",\"url\":\"https:\\\/\\\/librenobel.com\\\/wp-content\\\/uploads\\\/2023\\\/07\\\/Sin-titulo-1-Recuperado-02.png\",\"contentUrl\":\"https:\\\/\\\/librenobel.com\\\/wp-content\\\/uploads\\\/2023\\\/07\\\/Sin-titulo-1-Recuperado-02.png\",\"width\":1920,\"height\":542},{\"@type\":\"BreadcrumbList\",\"@id\":\"https:\\\/\\\/librenobel.com\\\/servicios\\\/#breadcrumb\",\"itemListElement\":[{\"@type\":\"ListItem\",\"position\":1,\"name\":\"Portada\",\"item\":\"https:\\\/\\\/librenobel.com\\\/\"},{\"@type\":\"ListItem\",\"position\":2,\"name\":\"Servicios\"}]},{\"@type\":\"WebSite\",\"@id\":\"https:\\\/\\\/librenobel.com\\\/#website\",\"url\":\"https:\\\/\\\/librenobel.com\\\/\",\"name\":\"librerianobel\",\"description\":\"\",\"potentialAction\":[{\"@type\":\"SearchAction\",\"target\":{\"@type\":\"EntryPoint\",\"urlTemplate\":\"https:\\\/\\\/librenobel.com\\\/?s={search_term_string}\"},\"query-input\":{\"@type\":\"PropertyValueSpecification\",\"valueRequired\":true,\"valueName\":\"search_term_string\"}}],\"inLanguage\":\"eu\"}]}<\/script>\n<!-- \/ Yoast SEO plugin. -->","yoast_head_json":{"title":"Servicios - librerianobel","robots":{"index":"index","follow":"follow","max-snippet":"max-snippet:-1","max-image-preview":"max-image-preview:large","max-video-preview":"max-video-preview:-1"},"canonical":"https:\/\/librenobel.com\/eu\/servicios\/","og_locale":"en_US","og_type":"article","og_title":"Servicios - librerianobel","og_description":"Nuestros servicios Venta de libros Nuestra tienda se especializa en la venta de una amplia variedad de libros para todos los gustos y edades. Contamos con una selecci\u00f3n de los mejores libros de ficci\u00f3n, no ficci\u00f3n, infantiles, juveniles, de autoayuda, entre otros. Adem\u00e1s, ofrecemos una experiencia \u00fanica de compra en la que nuestros clientes pueden [&hellip;]","og_url":"https:\/\/librenobel.com\/eu\/servicios\/","og_site_name":"librerianobel","article_modified_time":"2023-07-28T12:42:08+00:00","og_image":[{"width":1920,"height":542,"url":"https:\/\/librenobel.com\/wp-content\/uploads\/2023\/07\/Sin-titulo-1-Recuperado-02.png","type":"image\/png"}],"twitter_card":"summary_large_image","twitter_misc":{"Est. reading time":"2 minutua"},"schema":{"@context":"https:\/\/schema.org","@graph":[{"@type":"WebPage","@id":"https:\/\/librenobel.com\/servicios\/","url":"https:\/\/librenobel.com\/servicios\/","name":"Servicios - librerianobel","isPartOf":{"@id":"https:\/\/librenobel.com\/#website"},"primaryImageOfPage":{"@id":"https:\/\/librenobel.com\/servicios\/#primaryimage"},"image":{"@id":"https:\/\/librenobel.com\/servicios\/#primaryimage"},"thumbnailUrl":"https:\/\/librenobel.com\/wp-content\/uploads\/2023\/07\/Sin-titulo-1-Recuperado-02.png","datePublished":"2023-07-27T14:57:20+00:00","dateModified":"2023-07-28T12:42:08+00:00","breadcrumb":{"@id":"https:\/\/librenobel.com\/servicios\/#breadcrumb"},"inLanguage":"eu","potentialAction":[{"@type":"ReadAction","target":["https:\/\/librenobel.com\/servicios\/"]}]},{"@type":"ImageObject","inLanguage":"eu","@id":"https:\/\/librenobel.com\/servicios\/#primaryimage","url":"https:\/\/librenobel.com\/wp-content\/uploads\/2023\/07\/Sin-titulo-1-Recuperado-02.png","contentUrl":"https:\/\/librenobel.com\/wp-content\/uploads\/2023\/07\/Sin-titulo-1-Recuperado-02.png","width":1920,"height":542},{"@type":"BreadcrumbList","@id":"https:\/\/librenobel.com\/servicios\/#breadcrumb","itemListElement":[{"@type":"ListItem","position":1,"name":"Portada","item":"https:\/\/librenobel.com\/"},{"@type":"ListItem","position":2,"name":"Servicios"}]},{"@type":"WebSite","@id":"https:\/\/librenobel.com\/#website","url":"https:\/\/librenobel.com\/","name":"librerianobel","description":"","potentialAction":[{"@type":"SearchAction","target":{"@type":"EntryPoint","urlTemplate":"https:\/\/librenobel.com\/?s={search_term_string}"},"query-input":{"@type":"PropertyValueSpecification","valueRequired":true,"valueName":"search_term_string"}}],"inLanguage":"eu"}]}},"_links":{"self":[{"href":"https:\/\/librenobel.com\/eu\/wp-json\/wp\/v2\/pages\/13","targetHints":{"allow":["GET"]}}],"collection":[{"href":"https:\/\/librenobel.com\/eu\/wp-json\/wp\/v2\/pages"}],"about":[{"href":"https:\/\/librenobel.com\/eu\/wp-json\/wp\/v2\/types\/page"}],"author":[{"embeddable":true,"href":"https:\/\/librenobel.com\/eu\/wp-json\/wp\/v2\/users\/1"}],"replies":[{"embeddable":true,"href":"https:\/\/librenobel.com\/eu\/wp-json\/wp\/v2\/comments?post=13"}],"version-history":[{"count":23,"href":"https:\/\/librenobel.com\/eu\/wp-json\/wp\/v2\/pages\/13\/revisions"}],"predecessor-version":[{"id":369,"href":"https:\/\/librenobel.com\/eu\/wp-json\/wp\/v2\/pages\/13\/revisions\/369"}],"wp:featuredmedia":[{"embeddable":true,"href":"https:\/\/librenobel.com\/eu\/wp-json\/wp\/v2\/media\/255"}],"wp:attachment":[{"href":"https:\/\/librenobel.com\/eu\/wp-json\/wp\/v2\/media?parent=13"}],"curies":[{"name":"wp","href":"https:\/\/api.w.org\/{rel}","templated":true}]}}